{"id":1383,"date":"2025-01-30T07:50:21","date_gmt":"2025-01-30T06:50:21","guid":{"rendered":"https:\/\/seasalsnswing.fr\/?page_id=1383"},"modified":"2026-04-18T08:35:37","modified_gmt":"2026-04-18T06:35:37","slug":"agenda","status":"publish","type":"page","link":"https:\/\/seasalsnswing.fr\/index.php\/agenda\/","title":{"rendered":"Agenda des cours et soir\u00e9es"},"content":{"rendered":"\t\t<div data-elementor-type=\"wp-page\" data-elementor-id=\"1383\" class=\"elementor elementor-1383\" data-elementor-post-type=\"page\">\n\t\t\t\t<div class=\"elementor-element elementor-element-00d14be e-con-full e-flex e-con e-parent\" data-id=\"00d14be\" data-element_type=\"container\" data-e-type=\"container\">\n\t\t\t\t<div class=\"elementor-element elementor-element-1ce4049 elementor-widget elementor-widget-image\" data-id=\"1ce4049\" data-element_type=\"widget\" data-e-type=\"widget\" data-widget_type=\"image.default\">\n\t\t\t\t<div class=\"elementor-widget-container\">\n\t\t\t\t\t\t\t\t\t\t\t\t\t\t\t<img decoding=\"async\" src=\"https:\/\/seasalsnswing.fr\/wp-content\/uploads\/2025\/04\/Planning-3eme-Trimestre-a-jour-2024-2025.pdf\" title=\"\" alt=\"\" loading=\"lazy\" \/>\t\t\t\t\t\t\t\t\t\t\t\t\t\t\t<\/div>\n\t\t\t\t<\/div>\n\t\t\t\t<div class=\"elementor-element elementor-element-b32197a elementor-widget elementor-widget-text-editor\" data-id=\"b32197a\" data-element_type=\"widget\" data-e-type=\"widget\" data-widget_type=\"text-editor.default\">\n\t\t\t\t<div class=\"elementor-widget-container\">\n\t\t\t\t\t\t\t\t\t<p>\u00a0<\/p><p>24 avril 2026 : Stages et soir\u00e9e \u00e0 Vibration Latina \u00e0 la Roche sur Yon : west coast swing et danses latines<\/p><p>25 avril 2026 : <i>une soir\u00e9e de Printemps au Stella avec l&rsquo;orchestre M\u00e9fie Toi du Chat : du lindy hop et du rock<\/i><\/p><p><i>3 mai 2026 : Une fin d&rsquo;apr\u00e8s-midi dansante au Dino de Talmont Saint Hilaire de 17 h \u00e0 20 h (toutes danses)<\/i><\/p><p><i>22 mai 2026 : Derni\u00e8re participation \u00e0 Vibration Latina pour des stages et soir\u00e9e west coast swing et danses latines<\/i><\/p><p><i>21 juin 2026 : F\u00eate de la musique sur le remblai ou sur le port pour nos d\u00e9monstrations chor\u00e9graphiques<\/i><\/p><p><i>24 juin 2026 : AG de notre association avec auberge espagnole et danses pour finir en beaut\u00e9 cette ann\u00e9e<\/i><\/p>\t\t\t\t\t\t\t\t<\/div>\n\t\t\t\t<\/div>\n\t\t\t\t<\/div>\n\t\t<div class=\"elementor-element elementor-element-1740d8a e-flex e-con-boxed e-con e-parent\" data-id=\"1740d8a\" data-element_type=\"container\" data-e-type=\"container\">\n\t\t\t\t\t<div class=\"e-con-inner\">\n\t\t\t\t\t<\/div>\n\t\t\t\t<\/div>\n\t\t<div class=\"elementor-element elementor-element-0d56cb8 e-flex e-con-boxed e-con e-parent\" data-id=\"0d56cb8\" data-element_type=\"container\" data-e-type=\"container\">\n\t\t\t\t\t<div class=\"e-con-inner\">\n\t\t\t\t<div class=\"elementor-element elementor-element-2ba89e5 elementor-widget elementor-widget-image\" data-id=\"2ba89e5\" data-element_type=\"widget\" data-e-type=\"widget\" data-widget_type=\"image.default\">\n\t\t\t\t<div class=\"elementor-widget-container\">\n\t\t\t\t\t\t\t\t\t\t\t\t\t\t\t\t<a href=\"https:\/\/seasalsnswing.fr\/wp-content\/uploads\/2026\/01\/PLANNING_2nd_trimestre_2025_2026_260121_1043071.jpg\">\n\t\t\t\t\t\t\t<img fetchpriority=\"high\" decoding=\"async\" width=\"724\" height=\"1024\" src=\"https:\/\/seasalsnswing.fr\/wp-content\/uploads\/2026\/03\/PLANNING-FIN-DANNEE_pages-to-jpg-0001-724x1024.jpg\" class=\"attachment-large size-large wp-image-2387\" alt=\"\" srcset=\"https:\/\/seasalsnswing.fr\/wp-content\/uploads\/2026\/03\/PLANNING-FIN-DANNEE_pages-to-jpg-0001-724x1024.jpg 724w, https:\/\/seasalsnswing.fr\/wp-content\/uploads\/2026\/03\/PLANNING-FIN-DANNEE_pages-to-jpg-0001-212x300.jpg 212w, https:\/\/seasalsnswing.fr\/wp-content\/uploads\/2026\/03\/PLANNING-FIN-DANNEE_pages-to-jpg-0001-768x1086.jpg 768w, https:\/\/seasalsnswing.fr\/wp-content\/uploads\/2026\/03\/PLANNING-FIN-DANNEE_pages-to-jpg-0001-1086x1536.jpg 1086w, https:\/\/seasalsnswing.fr\/wp-content\/uploads\/2026\/03\/PLANNING-FIN-DANNEE_pages-to-jpg-0001.jpg 1241w\" sizes=\"(max-width: 724px) 100vw, 724px\" \/>\t\t\t\t\t\t\t\t<\/a>\n\t\t\t\t\t\t\t\t\t\t\t\t\t\t\t<\/div>\n\t\t\t\t<\/div>\n\t\t\t\t\t<\/div>\n\t\t\t\t<\/div>\n\t\t\t\t<\/div>\n\t\t","protected":false},"excerpt":{"rendered":"<p>\u00a0 24 avril 2026 : Stages et soir\u00e9e \u00e0 Vibration Latina \u00e0 la Roche sur Yon : west coast swing et danses latines 25 avril 2026 : une soir\u00e9e de Printemps au Stella avec l&rsquo;orchestre M\u00e9fie Toi du Chat : du lindy hop et du rock 3 mai 2026 : Une fin d&rsquo;apr\u00e8s-midi dansante au&hellip;&nbsp;<a href=\"https:\/\/seasalsnswing.fr\/index.php\/agenda\/\" rel=\"bookmark\">Lire la suite &raquo;<span class=\"screen-reader-text\">Agenda des cours et soir\u00e9es<\/span><\/a><\/p>\n","protected":false},"author":1,"featured_media":0,"parent":0,"menu_order":0,"comment_status":"closed","ping_status":"closed","template":"","meta":{"neve_meta_sidebar":"","neve_meta_container":"","neve_meta_enable_content_width":"","neve_meta_content_width":0,"neve_meta_title_alignment":"","neve_meta_author_avatar":"","neve_post_elements_order":"","neve_meta_disable_header":"","neve_meta_disable_footer":"","neve_meta_disable_title":"","footnotes":""},"class_list":["post-1383","page","type-page","status-publish","hentry"],"_links":{"self":[{"href":"https:\/\/seasalsnswing.fr\/index.php\/wp-json\/wp\/v2\/pages\/1383","targetHints":{"allow":["GET"]}}],"collection":[{"href":"https:\/\/seasalsnswing.fr\/index.php\/wp-json\/wp\/v2\/pages"}],"about":[{"href":"https:\/\/seasalsnswing.fr\/index.php\/wp-json\/wp\/v2\/types\/page"}],"author":[{"embeddable":true,"href":"https:\/\/seasalsnswing.fr\/index.php\/wp-json\/wp\/v2\/users\/1"}],"replies":[{"embeddable":true,"href":"https:\/\/seasalsnswing.fr\/index.php\/wp-json\/wp\/v2\/comments?post=1383"}],"version-history":[{"count":106,"href":"https:\/\/seasalsnswing.fr\/index.php\/wp-json\/wp\/v2\/pages\/1383\/revisions"}],"predecessor-version":[{"id":2421,"href":"https:\/\/seasalsnswing.fr\/index.php\/wp-json\/wp\/v2\/pages\/1383\/revisions\/2421"}],"wp:attachment":[{"href":"https:\/\/seasalsnswing.fr\/index.php\/wp-json\/wp\/v2\/media?parent=1383"}],"curies":[{"name":"wp","href":"https:\/\/api.w.org\/{rel}","templated":true}]}}